{"id":125,"date":"2013-08-11T20:13:42","date_gmt":"2013-08-12T01:13:42","guid":{"rendered":"http:\/\/localhost:8888\/test\/?page_id=545"},"modified":"2020-09-09T20:12:16","modified_gmt":"2020-09-10T01:12:16","slug":"faq","status":"publish","type":"page","link":"https:\/\/allmedia.com.mx\/jonathanmondragon\/faq\/","title":{"rendered":"FAQ"},"content":{"rendered":"<h1>Preguntas frecuentes<\/h1>\n<div class=\"row\"  id=\"row-1213629659\">\n\n\n\t<div class=\"col medium-6 small-12 large-6\"  >\n\t\t<div class=\"col-inner\"  >\n\t\t\t\n\t\t\t\n\n<div class=\"accordion\" rel=\"\">\n\n<div class=\"accordion-item\"><a href=\"#\" class=\"accordion-title plain\"><button class=\"toggle\"><i class=\"icon-angle-down\"><\/i><\/button><span>Qu\u00e9 sucede despues de hacer el pago?<\/span><\/a><div class=\"accordion-inner\">\n\n<p>Si pagaste env\u00edo, s\u00f3lo tienes que esperar 10 d\u00edas aproximadamente a que llegue tu cuadro, me pondr\u00e9 en contacto contigo para enviarte el n\u00famero de gu\u00eda del env\u00edo.<\/p>\n<p>Si pediste entrega personal en la CDMX te contactar\u00e9 para acordar un punto de reuni\u00f3n para hacer la entrega.<\/p>\n\n<\/div><\/div>\n<div class=\"accordion-item\"><a href=\"#\" class=\"accordion-title plain\"><button class=\"toggle\"><i class=\"icon-angle-down\"><\/i><\/button><span>Se pueden imprimir en alg\u00fan tama\u00f1o diferente?<\/span><\/a><div class=\"accordion-inner\">\n\n<p>Claro, s\u00f3lo comun\u00edcate conmigo para ver las medidas que deseas y enviarte una cotizaci\u00f3n.<\/p>\n\n<\/div><\/div>\n<div class=\"accordion-item\"><a href=\"#\" class=\"accordion-title plain\"><button class=\"toggle\"><i class=\"icon-angle-down\"><\/i><\/button><span>De d\u00f3nde salen las fotograf\u00edas?<\/span><\/a><div class=\"accordion-inner\">\n\n<p>Las fotograf\u00edas son de autor\u00eda propia, tomadas en diferentes a\u00f1os y diversos lugares, no pertenecen a ning\u00fan banco de tofos, por lo que puedes estar seguro que est\u00e1s comprando una foto \u00fanica que no encontrar\u00e1s en alg\u00fan otro lugar.<\/p>\n\n<\/div><\/div>\n\n<\/div>\n\n\t\t<\/div>\n\t<\/div>\n\n\t\n\n\t<div class=\"col medium-6 small-12 large-6\"  >\n\t\t<div class=\"col-inner\"  >\n\t\t\t\n\t\t\t\n\n<div class=\"accordion\" rel=\"\">\n\n<div class=\"accordion-item\"><a href=\"#\" class=\"accordion-title plain\"><button class=\"toggle\"><i class=\"icon-angle-down\"><\/i><\/button><span>En qu\u00e9 moneda se hace el pago?<\/span><\/a><div class=\"accordion-inner\">\n\n<p>El pago es en MXN (pesos mexicanos)<\/p>\n\n<\/div><\/div>\n<div class=\"accordion-item\"><a href=\"#\" class=\"accordion-title plain\"><button class=\"toggle\"><i class=\"icon-angle-down\"><\/i><\/button><span>Se puede personalizar el tipo de enmarcado?<\/span><\/a><div class=\"accordion-inner\">\n\n<p>Claro, s\u00f3lo cont\u00e1ctenos antes de hacer la compra para que te podamos cotizar el enmarcado que deseas.<\/p>\n\n<\/div><\/div>\n<div class=\"accordion-item\"><a href=\"#\" class=\"accordion-title plain\"><button class=\"toggle\"><i class=\"icon-angle-down\"><\/i><\/button><span>Me pueden vender una foto impresa sin marco?<\/span><\/a><div class=\"accordion-inner\">\n\n<p>Claro, s\u00f3lo escr\u00edbenos antes de hacer tu pedido para activarte una p\u00e1gina especial de compra dentro de la tienda.<\/p>\n\n<\/div><\/div>\n\n<\/div>\n\n\t\t<\/div>\n\t<\/div>\n\n\t\n\n\n<style scope=\"scope\">\n\n#row-1213629659 > .col > .col-inner {\n  padding: 36px 0px 0px 0px;\n}\n<\/style>\n<\/div>","protected":false},"excerpt":{"rendered":"<p>Preguntas frecuentes<\/p>\n","protected":false},"author":3,"featured_media":0,"parent":0,"menu_order":0,"comment_status":"closed","ping_status":"closed","template":"","meta":{"footnotes":""},"jetpack_sharing_enabled":true,"_links":{"self":[{"href":"https:\/\/allmedia.com.mx\/jonathanmondragon\/wp-json\/wp\/v2\/pages\/125"}],"collection":[{"href":"https:\/\/allmedia.com.mx\/jonathanmondragon\/wp-json\/wp\/v2\/pages"}],"about":[{"href":"https:\/\/allmedia.com.mx\/jonathanmondragon\/wp-json\/wp\/v2\/types\/page"}],"author":[{"embeddable":true,"href":"https:\/\/allmedia.com.mx\/jonathanmondragon\/wp-json\/wp\/v2\/users\/3"}],"replies":[{"embeddable":true,"href":"https:\/\/allmedia.com.mx\/jonathanmondragon\/wp-json\/wp\/v2\/comments?post=125"}],"version-history":[{"count":14,"href":"https:\/\/allmedia.com.mx\/jonathanmondragon\/wp-json\/wp\/v2\/pages\/125\/revisions"}],"predecessor-version":[{"id":612,"href":"https:\/\/allmedia.com.mx\/jonathanmondragon\/wp-json\/wp\/v2\/pages\/125\/revisions\/612"}],"wp:attachment":[{"href":"https:\/\/allmedia.com.mx\/jonathanmondragon\/wp-json\/wp\/v2\/media?parent=125"}],"curies":[{"name":"wp","href":"https:\/\/api.w.org\/{rel}","templated":true}]}}