{"id":129,"date":"2013-08-11T19:06:15","date_gmt":"2013-08-12T00:06:15","guid":{"rendered":"http:\/\/localhost:8888\/test\/?page_id=520"},"modified":"2020-07-22T18:28:17","modified_gmt":"2020-07-22T23:28:17","slug":"about","status":"publish","type":"page","link":"https:\/\/allmedia.com.mx\/jonathanmondragon\/about\/","title":{"rendered":"Shoon"},"content":{"rendered":"\n  <div class=\"banner has-hover has-parallax\" id=\"banner-596805459\">\n          <div class=\"banner-inner fill\">\n        <div class=\"banner-bg fill\" data-parallax=\"-3\" data-parallax-container=\".banner\" data-parallax-background>\n            <div class=\"bg fill bg-fill \"><\/div>\n                        <div class=\"overlay\"><\/div>            \n                    <\/div>\n        <div class=\"banner-layers container\">\n            <div class=\"fill banner-link\"><\/div>            \n\n   <div id=\"text-box-306283684\" class=\"text-box banner-layer x50 md-x50 lg-x50 y95 md-y95 lg-y95 res-text\">\n                                <div class=\"text dark\">\n              \n              <div class=\"text-inner text-center\">\n                  \n\n<h1 class=\"lead\">Shoon<\/h1>\n<p><span style=\"font-size: 120%;\"><strong>Apasionado por capturar recuerdos en mi memoria de los lugares y momentos que vivo d\u00eda a d\u00eda.<\/strong><\/span><\/p>\n<p><span style=\"font-size: 120%;\"><strong>Vago y trotamundos, camino por la calles, bosques, ciudades y de vez en cuando tomo algunas fotos.<\/strong><\/span><\/p>\n\n              <\/div>\n           <\/div>\n                            \n<style scope=\"scope\">\n\n#text-box-306283684 {\n  width: 60%;\n}\n#text-box-306283684 .text {\n  font-size: 100%;\n}\n<\/style>\n    <\/div>\n \n\n        <\/div>\n      <\/div>\n\n            \n<style scope=\"scope\">\n\n#banner-596805459 {\n  padding-top: 507px;\n}\n#banner-596805459 .bg.bg-loaded {\n  background-image: url(https:\/\/allmedia.com.mx\/jonathanmondragon\/wp-content\/uploads\/2020\/04\/DSC_0082-2-1186x800.jpg);\n}\n#banner-596805459 .overlay {\n  background-color: rgba(0, 0, 0, 0.44);\n}\n<\/style>\n  <\/div>\n\n\n<div class=\"row\"  id=\"row-1933223656\">\n\n\n\t<div class=\"col small-12 large-12\"  >\n\t\t<div class=\"col-inner\"  >\n\t\t\t\n\t\t\t\n\n<div class=\"text-center\"><div class=\"is-divider divider clearfix\" ><\/div><\/div>\n\n\n\t\t<\/div>\n\t<\/div>\n\n\t\n\n<\/div>\n<div class=\"row\"  id=\"row-608928245\">\n\n\n\t<div class=\"col medium-1 small-12 large-1\"  >\n\t\t<div class=\"col-inner\"  >\n\t\t\t\n\t\t\t\n\n\n\t\t<\/div>\n\t<\/div>\n\n\t\n\n\t<div class=\"col medium-4 small-12 large-4\"  >\n\t\t<div class=\"col-inner\"  >\n\t\t\t\n\t\t\t\n\n<h4><strong><span style=\"color: #333333; font-size: 110%;\">Mis hobbies:<\/span><\/strong><\/h4>\n<ul>\n<li><span style=\"color: #333333; font-size: 110%;\">Snorkel<\/span><\/li>\n<li><span style=\"color: #333333; font-size: 110%;\">Un rico caf\u00e9<\/span><\/li>\n<li><span style=\"font-size: 110%; color: #333333;\">Lectura<\/span><\/li>\n<li><span style=\"color: #333333; font-size: 110%;\">Una buena cerveza<\/span><\/li>\n<li><span style=\"color: #333333; font-size: 110%;\">Hockey sobre hielo<\/span><\/li>\n<li><span style=\"color: #333333; font-size: 110%;\">Paseo por los bosques y lagos<\/span><\/li>\n<li><span style=\"color: #333333; font-size: 110%;\">Practicar snowboard<\/span><\/li>\n<li><span style=\"color: #333333; font-size: 110%;\">Admirar las puestas de sol,sobre todo en lo alto de una monta\u00f1a<\/span><\/li>\n<li><span style=\"color: #333333; font-size: 110%;\">Amo el fr\u00edo \/ invierno<\/span><\/li>\n<li><span style=\"color: #333333; font-size: 110%;\">Una salida a acampar y ver las estrellas<br><\/span><\/li>\n<li><span style=\"color: #333333; font-size: 110%;\">Mi palabra favorita: Serendipity<\/span><\/li>\n<\/ul>\n\n\t\t<\/div>\n\t<\/div>\n\n\t\n\n\t<div class=\"col medium-2 small-12 large-2\"  >\n\t\t<div class=\"col-inner\"  >\n\t\t\t\n\t\t\t\n\n\n\t\t<\/div>\n\t<\/div>\n\n\t\n\n\t<div class=\"col medium-4 small-12 large-4\"  >\n\t\t<div class=\"col-inner\"  >\n\t\t\t\n\t\t\t\n\n    <div class=\"box has-hover has-hover box-shadow-3 box-shadow-2-hover box-text-bottom\" >\n\n                  <div class=\"box-image image-zoom\" style=\"width:80%;\">\n           <div class=\"box-image-inner image-cover\" style=\"border-radius:12%;padding-top:100%;\">\n              <img loading=\"lazy\" decoding=\"async\" width=\"672\" height=\"672\" src=\"https:\/\/allmedia.com.mx\/jonathanmondragon\/wp-content\/uploads\/2020\/04\/jonathan-mondragon-lara-snowboard-toronto.jpg\" class=\"attachment- size-\" alt=\"\" srcset=\"https:\/\/allmedia.com.mx\/jonathanmondragon\/wp-content\/uploads\/2020\/04\/jonathan-mondragon-lara-snowboard-toronto.jpg 672w, https:\/\/allmedia.com.mx\/jonathanmondragon\/wp-content\/uploads\/2020\/04\/jonathan-mondragon-lara-snowboard-toronto-247x247.jpg 247w, https:\/\/allmedia.com.mx\/jonathanmondragon\/wp-content\/uploads\/2020\/04\/jonathan-mondragon-lara-snowboard-toronto-100x100.jpg 100w, https:\/\/allmedia.com.mx\/jonathanmondragon\/wp-content\/uploads\/2020\/04\/jonathan-mondragon-lara-snowboard-toronto-510x510.jpg 510w, https:\/\/allmedia.com.mx\/jonathanmondragon\/wp-content\/uploads\/2020\/04\/jonathan-mondragon-lara-snowboard-toronto-400x400.jpg 400w, https:\/\/allmedia.com.mx\/jonathanmondragon\/wp-content\/uploads\/2020\/04\/jonathan-mondragon-lara-snowboard-toronto-280x280.jpg 280w\" sizes=\"(max-width: 672px) 100vw, 672px\" \/>                         <\/div>\n          <\/div>\n         \n          <div class=\"box-text text-center\" style=\"padding:20px 15px 20px 15px;\">\n                <div class=\"box-text-inner\">\n                  <h4 class=\"uppercase\">\n                    <span class=\"person-name\">Jonathan Mondragon<\/span><br\/>\n                    <span class=\"person-title is-small thin-font op-7\">\n                      Vago Trotamundos                    <\/span>\n                  <\/h4>\n                 <div class=\"social-icons follow-icons\" ><a href=\"https:\/\/www.facebook.com\/johnniewalker90\" target=\"_blank\" data-label=\"Facebook\"  rel=\"noopener noreferrer nofollow\" class=\"icon button circle is-outline facebook tooltip\" title=\"S\u00edguenos en Facebook\"><i class=\"icon-facebook\" ><\/i><\/a><a href=\"https:\/\/www.instagram.com\/johnniewalker90\/\" target=\"_blank\" rel=\"noopener noreferrer nofollow\" data-label=\"Instagram\" class=\"icon button circle is-outline  instagram tooltip\" title=\"S\u00edguenos en Instagram\"><i class=\"icon-instagram\" ><\/i><\/a><a href=\"https:\/\/twitter.com\/johnniewalker90\" target=\"_blank\"  data-label=\"Twitter\"  rel=\"noopener noreferrer nofollow\" class=\"icon button circle is-outline  twitter tooltip\" title=\"S\u00edguenos en Twitter\"><i class=\"icon-twitter\" ><\/i><\/a><a href=\"mailto:mondragon@allmedia.com.mx\" data-label=\"E-mail\"  rel=\"nofollow\" class=\"icon button circle is-outline  email tooltip\" title=\"Env\u00edanos un email\"><i class=\"icon-envelop\" ><\/i><\/a><a href=\"https:\/\/www.youtube.com\/channel\/UCOFSUWHUbK6VWwJtbFxgGoQ\" target=\"_blank\" rel=\"noopener noreferrer nofollow\" data-label=\"YouTube\" class=\"icon button circle is-outline  youtube tooltip\" title=\"S\u00edguenos en Youtube\"><i class=\"icon-youtube\" ><\/i><\/a><\/div>                 \n\n<p style=\"text-align: center;\">Si necesita un socio para un nuevo proyecto fotogr\u00e1fico o simplemente hacer algo divertido juntos, cont\u00e1ctame a trav\u00e9s de Instagram, correo electr\u00f3nico o mis redes sociales.<\/p>\n\n                <\/div>\n          <\/div>\n    <\/div>\n\n    \n    \n\n\t\t<\/div>\n\t<\/div>\n\n\t\n\n\t<div class=\"col medium-1 small-12 large-1\"  >\n\t\t<div class=\"col-inner\"  >\n\t\t\t\n\t\t\t\n\n\n\t\t<\/div>\n\t<\/div>\n\n\t\n\n<\/div>\n<div class=\"row\"  id=\"row-2076625554\">\n\n\n\t<div class=\"col small-12 large-12\"  >\n\t\t<div class=\"col-inner\"  >\n\t\t\t\n\t\t\t\n\n<div class=\"text-center\"><div class=\"is-divider divider clearfix\" ><\/div><\/div>\n\n\n\t\t<\/div>\n\t<\/div>\n\n\t\n\n\n<style scope=\"scope\">\n\n#row-2076625554 > .col > .col-inner {\n  padding: 0px 0px 0px 0px;\n}\n<\/style>\n<\/div>","protected":false},"excerpt":{"rendered":"","protected":false},"author":3,"featured_media":60,"parent":0,"menu_order":0,"comment_status":"closed","ping_status":"closed","template":"page-transparent-header-light.php","meta":{"footnotes":""},"jetpack_sharing_enabled":true,"_links":{"self":[{"href":"https:\/\/allmedia.com.mx\/jonathanmondragon\/wp-json\/wp\/v2\/pages\/129"}],"collection":[{"href":"https:\/\/allmedia.com.mx\/jonathanmondragon\/wp-json\/wp\/v2\/pages"}],"about":[{"href":"https:\/\/allmedia.com.mx\/jonathanmondragon\/wp-json\/wp\/v2\/types\/page"}],"author":[{"embeddable":true,"href":"https:\/\/allmedia.com.mx\/jonathanmondragon\/wp-json\/wp\/v2\/users\/3"}],"replies":[{"embeddable":true,"href":"https:\/\/allmedia.com.mx\/jonathanmondragon\/wp-json\/wp\/v2\/comments?post=129"}],"version-history":[{"count":22,"href":"https:\/\/allmedia.com.mx\/jonathanmondragon\/wp-json\/wp\/v2\/pages\/129\/revisions"}],"predecessor-version":[{"id":574,"href":"https:\/\/allmedia.com.mx\/jonathanmondragon\/wp-json\/wp\/v2\/pages\/129\/revisions\/574"}],"wp:featuredmedia":[{"embeddable":true,"href":"https:\/\/allmedia.com.mx\/jonathanmondragon\/wp-json\/wp\/v2\/media\/60"}],"wp:attachment":[{"href":"https:\/\/allmedia.com.mx\/jonathanmondragon\/wp-json\/wp\/v2\/media?parent=129"}],"curies":[{"name":"wp","href":"https:\/\/api.w.org\/{rel}","templated":true}]}}