{"id":498,"date":"2020-04-13T18:27:36","date_gmt":"2020-04-13T23:27:36","guid":{"rendered":"https:\/\/allmedia.com.mx\/jonathanmondragon\/?post_type=product&#038;p=498"},"modified":"2020-09-09T21:03:44","modified_gmt":"2020-09-10T02:03:44","slug":"vancouver-sunset","status":"publish","type":"product","link":"https:\/\/allmedia.com.mx\/jonathanmondragon\/producto\/vancouver-sunset\/","title":{"rendered":"Vancouver Sunset"},"content":{"rendered":"<ul>\n<li>\n<h4><strong>Las fotograf\u00edas son de autor\u00eda propia, no pertenecen a ning\u00fan banco de fotos.<br \/>\n<\/strong><\/h4>\n<\/li>\n<li>\n<h4><strong>Cada obra incluye una breve descripci\u00f3n del lugar de la foto y la narrativa de c\u00f3mo fue capturado el momento.<\/strong><\/h4>\n<\/li>\n<li>Precio en Pesos Mexicanos MXN.<\/li>\n<li>El pago es por PayPal o Mercado Pago, no almacenamos datos de tarjetas de cr\u00e9dito.<\/li>\n<li>Tiempo de entrega: 10 d\u00edas aprox.<\/li>\n<li>Entregas personales en CDMX o env\u00edos a toda la rep\u00fablica.<\/li>\n<li>Si requieres un tama\u00f1o diferente p\u00f3ngase en contacto con nosotros.<\/li>\n<\/ul>\n","protected":false},"excerpt":{"rendered":"<p>Formatos disponibles:<\/p>\n<blockquote><p>Marco Impresi\u00f3n FineArt:<\/p><\/blockquote>\n<ul>\n<li>50 x 33 cm.<\/li>\n<li>Papel algod\u00f3n Gicl\u00e9e.<\/li>\n<li>Marialuisa blanca 5 cm.<\/li>\n<li>Marco negro 2.5 cm. con caim\u00e1n posterior para colgar.<\/li>\n<li>Tama\u00f1o final 65 x 48 cm.<\/li>\n<\/ul>\n<p>&nbsp;<\/p>\n<blockquote><p>Canvas \/ Lienzo:<\/p><\/blockquote>\n<ul>\n<li>60 x 40 cm.<\/li>\n<li>Impreso con tecnolog\u00eda l\u00e1tex.<\/li>\n<li>No t\u00f3xico, hipoalerg\u00e9nicos.<\/li>\n<li>Bastidor de madera de tala sustentable.<\/li>\n<\/ul>\n","protected":false},"featured_media":619,"comment_status":"open","ping_status":"closed","template":"","meta":[],"product_cat":[86,66],"product_tag":[87,90,74,77,88,89],"jetpack_sharing_enabled":true,"_links":{"self":[{"href":"https:\/\/allmedia.com.mx\/jonathanmondragon\/wp-json\/wp\/v2\/product\/498"}],"collection":[{"href":"https:\/\/allmedia.com.mx\/jonathanmondragon\/wp-json\/wp\/v2\/product"}],"about":[{"href":"https:\/\/allmedia.com.mx\/jonathanmondragon\/wp-json\/wp\/v2\/types\/product"}],"replies":[{"embeddable":true,"href":"https:\/\/allmedia.com.mx\/jonathanmondragon\/wp-json\/wp\/v2\/comments?post=498"}],"wp:featuredmedia":[{"embeddable":true,"href":"https:\/\/allmedia.com.mx\/jonathanmondragon\/wp-json\/wp\/v2\/media\/619"}],"wp:attachment":[{"href":"https:\/\/allmedia.com.mx\/jonathanmondragon\/wp-json\/wp\/v2\/media?parent=498"}],"wp:term":[{"taxonomy":"product_cat","embeddable":true,"href":"https:\/\/allmedia.com.mx\/jonathanmondragon\/wp-json\/wp\/v2\/product_cat?post=498"},{"taxonomy":"product_tag","embeddable":true,"href":"https:\/\/allmedia.com.mx\/jonathanmondragon\/wp-json\/wp\/v2\/product_tag?post=498"}],"curies":[{"name":"wp","href":"https:\/\/api.w.org\/{rel}","templated":true}]}}